{"id":60,"date":"2016-03-08T03:58:42","date_gmt":"2016-03-08T05:58:42","guid":{"rendered":"http:\/\/puikuskemperiai.lt\/en\/?page_id=60"},"modified":"2020-01-28T12:25:00","modified_gmt":"2020-01-28T14:25:00","slug":"kontaktai","status":"publish","type":"page","link":"https:\/\/puikuskemperiai.lt\/en\/kontaktai\/","title":{"rendered":"CONTACTS"},"content":{"rendered":"<p><strong>UAB \u201eKertu\u0161as\u201d<\/strong><br \/>\n\u012emon\u0117s kodas 121253292<\/p>\n<p>PVM mok\u0117tojo kodas LT212532917<br \/>\nKirtim\u0173 g.\u00a0<span lang=\"EN-US\">2,\u00a0<\/span>LT-02300 Vilnius<\/p>\n<p>Tel:\u00a0<strong>+370 655 38880<\/strong><br \/>\nEl. pa\u0161tas:\u00a0<strong> info@puikuskemperiai.lt<\/strong><\/p>\n<p><span style=\"text-decoration: underline;\"><em><strong><span style=\"color: #000000; text-decoration: underline;\">Kemperi\u0173 pardavimas<\/span><\/strong><\/em><\/span><\/p>\n<p>info@puikuskemperiai.lt<\/p>\n<p>Tel.: +370 655 38 880<\/p>\n<p><span style=\"text-decoration: underline;\"><em><strong>Kemperi\u0173 dalys\/aksesuarai<\/strong><\/em><\/span><\/p>\n<p>dalys@puikuskemperiai.lt<\/p>\n<p>Tel.: +370 674 89 600<\/p>\n","protected":false},"excerpt":{"rendered":"<p>UAB \u201eKertu\u0161as\u201d \u012emon\u0117s kodas 121253292 PVM mok\u0117tojo kodas LT212532917 Kirtim\u0173 g.\u00a02,\u00a0LT-02300 Vilnius Tel:\u00a0+370 655 38880 El. pa\u0161tas:\u00a0 info@puikuskemperiai.lt Kemperi\u0173 pardavimas info@puikuskemperiai.lt Tel.: +370 655 38 880 Kemperi\u0173 dalys\/aksesuarai dalys@puikuskemperiai.lt Tel.: +370 674 89 600<\/p>\n","protected":false},"author":1,"featured_media":0,"parent":0,"menu_order":0,"comment_status":"closed","ping_status":"closed","template":"","meta":{"_mi_skip_tracking":false,"footnotes":""},"acf":[],"yoast_head":"<!-- This site is optimized with the Yoast SEO plugin v19.12 - https:\/\/yoast.com\/wordpress\/plugins\/seo\/ -->\n<title>CONTACTS - Campers - puikuskemperiai.lt<\/title>\n<meta name=\"robots\" content=\"index, follow, max-snippet:-1, max-image-preview:large, max-video-preview:-1\" \/>\n<link rel=\"canonical\" href=\"https:\/\/puikuskemperiai.lt\/en\/kontaktai\/\" \/>\n<meta property=\"og:locale\" content=\"lt_LT\" \/>\n<meta property=\"og:type\" content=\"article\" \/>\n<meta property=\"og:title\" content=\"CONTACTS - Campers - puikuskemperiai.lt\" \/>\n<meta property=\"og:description\" content=\"UAB \u201eKertu\u0161as\u201d \u012emon\u0117s kodas 121253292 PVM mok\u0117tojo kodas LT212532917 Kirtim\u0173 g.\u00a02,\u00a0LT-02300 Vilnius Tel:\u00a0+370 655 38880 El. pa\u0161tas:\u00a0 info@puikuskemperiai.lt Kemperi\u0173 pardavimas info@puikuskemperiai.lt Tel.: +370 655 38 880 Kemperi\u0173 dalys\/aksesuarai dalys@puikuskemperiai.lt Tel.: +370 674 89 600\" \/>\n<meta property=\"og:url\" content=\"https:\/\/puikuskemperiai.lt\/en\/kontaktai\/\" \/>\n<meta property=\"og:site_name\" content=\"Campers - puikuskemperiai.lt\" \/>\n<meta property=\"article:modified_time\" content=\"2020-01-28T14:25:00+00:00\" \/>\n<meta name=\"twitter:card\" content=\"summary_large_image\" \/>\n<script type=\"application\/ld+json\" class=\"yoast-schema-graph\">{\"@context\":\"https:\/\/schema.org\",\"@graph\":[{\"@type\":\"WebPage\",\"@id\":\"https:\/\/puikuskemperiai.lt\/en\/kontaktai\/\",\"url\":\"https:\/\/puikuskemperiai.lt\/en\/kontaktai\/\",\"name\":\"CONTACTS - Campers - puikuskemperiai.lt\",\"isPartOf\":{\"@id\":\"https:\/\/puikuskemperiai.lt\/en\/#website\"},\"datePublished\":\"2016-03-08T05:58:42+00:00\",\"dateModified\":\"2020-01-28T14:25:00+00:00\",\"breadcrumb\":{\"@id\":\"https:\/\/puikuskemperiai.lt\/en\/kontaktai\/#breadcrumb\"},\"inLanguage\":\"lt-LT\",\"potentialAction\":[{\"@type\":\"ReadAction\",\"target\":[\"https:\/\/puikuskemperiai.lt\/en\/kontaktai\/\"]}]},{\"@type\":\"BreadcrumbList\",\"@id\":\"https:\/\/puikuskemperiai.lt\/en\/kontaktai\/#breadcrumb\",\"itemListElement\":[{\"@type\":\"ListItem\",\"position\":1,\"name\":\"Home\",\"item\":\"https:\/\/puikuskemperiai.lt\/en\/\"},{\"@type\":\"ListItem\",\"position\":2,\"name\":\"CONTACTS\"}]},{\"@type\":\"WebSite\",\"@id\":\"https:\/\/puikuskemperiai.lt\/en\/#website\",\"url\":\"https:\/\/puikuskemperiai.lt\/en\/\",\"name\":\"Campers - puikuskemperiai.lt\",\"description\":\"Campers for rent\",\"potentialAction\":[{\"@type\":\"SearchAction\",\"target\":{\"@type\":\"EntryPoint\",\"urlTemplate\":\"https:\/\/puikuskemperiai.lt\/en\/?s={search_term_string}\"},\"query-input\":\"required name=search_term_string\"}],\"inLanguage\":\"lt-LT\"}]}<\/script>\n<!-- \/ Yoast SEO plugin. -->","yoast_head_json":{"title":"CONTACTS - Campers - puikuskemperiai.lt","robots":{"index":"index","follow":"follow","max-snippet":"max-snippet:-1","max-image-preview":"max-image-preview:large","max-video-preview":"max-video-preview:-1"},"canonical":"https:\/\/puikuskemperiai.lt\/en\/kontaktai\/","og_locale":"lt_LT","og_type":"article","og_title":"CONTACTS - Campers - puikuskemperiai.lt","og_description":"UAB \u201eKertu\u0161as\u201d \u012emon\u0117s kodas 121253292 PVM mok\u0117tojo kodas LT212532917 Kirtim\u0173 g.\u00a02,\u00a0LT-02300 Vilnius Tel:\u00a0+370 655 38880 El. pa\u0161tas:\u00a0 info@puikuskemperiai.lt Kemperi\u0173 pardavimas info@puikuskemperiai.lt Tel.: +370 655 38 880 Kemperi\u0173 dalys\/aksesuarai dalys@puikuskemperiai.lt Tel.: +370 674 89 600","og_url":"https:\/\/puikuskemperiai.lt\/en\/kontaktai\/","og_site_name":"Campers - puikuskemperiai.lt","article_modified_time":"2020-01-28T14:25:00+00:00","twitter_card":"summary_large_image","schema":{"@context":"https:\/\/schema.org","@graph":[{"@type":"WebPage","@id":"https:\/\/puikuskemperiai.lt\/en\/kontaktai\/","url":"https:\/\/puikuskemperiai.lt\/en\/kontaktai\/","name":"CONTACTS - Campers - puikuskemperiai.lt","isPartOf":{"@id":"https:\/\/puikuskemperiai.lt\/en\/#website"},"datePublished":"2016-03-08T05:58:42+00:00","dateModified":"2020-01-28T14:25:00+00:00","breadcrumb":{"@id":"https:\/\/puikuskemperiai.lt\/en\/kontaktai\/#breadcrumb"},"inLanguage":"lt-LT","potentialAction":[{"@type":"ReadAction","target":["https:\/\/puikuskemperiai.lt\/en\/kontaktai\/"]}]},{"@type":"BreadcrumbList","@id":"https:\/\/puikuskemperiai.lt\/en\/kontaktai\/#breadcrumb","itemListElement":[{"@type":"ListItem","position":1,"name":"Home","item":"https:\/\/puikuskemperiai.lt\/en\/"},{"@type":"ListItem","position":2,"name":"CONTACTS"}]},{"@type":"WebSite","@id":"https:\/\/puikuskemperiai.lt\/en\/#website","url":"https:\/\/puikuskemperiai.lt\/en\/","name":"Campers - puikuskemperiai.lt","description":"Campers for rent","potentialAction":[{"@type":"SearchAction","target":{"@type":"EntryPoint","urlTemplate":"https:\/\/puikuskemperiai.lt\/en\/?s={search_term_string}"},"query-input":"required name=search_term_string"}],"inLanguage":"lt-LT"}]}},"_links":{"self":[{"href":"https:\/\/puikuskemperiai.lt\/en\/wp-json\/wp\/v2\/pages\/60"}],"collection":[{"href":"https:\/\/puikuskemperiai.lt\/en\/wp-json\/wp\/v2\/pages"}],"about":[{"href":"https:\/\/puikuskemperiai.lt\/en\/wp-json\/wp\/v2\/types\/page"}],"author":[{"embeddable":true,"href":"https:\/\/puikuskemperiai.lt\/en\/wp-json\/wp\/v2\/users\/1"}],"replies":[{"embeddable":true,"href":"https:\/\/puikuskemperiai.lt\/en\/wp-json\/wp\/v2\/comments?post=60"}],"version-history":[{"count":7,"href":"https:\/\/puikuskemperiai.lt\/en\/wp-json\/wp\/v2\/pages\/60\/revisions"}],"predecessor-version":[{"id":1004,"href":"https:\/\/puikuskemperiai.lt\/en\/wp-json\/wp\/v2\/pages\/60\/revisions\/1004"}],"wp:attachment":[{"href":"https:\/\/puikuskemperiai.lt\/en\/wp-json\/wp\/v2\/media?parent=60"}],"curies":[{"name":"wp","href":"https:\/\/api.w.org\/{rel}","templated":true}]}}