{"id":60,"date":"2016-03-08T03:58:42","date_gmt":"2016-03-08T05:58:42","guid":{"rendered":"http:\/\/puikuskemperiai.lt\/ru\/?page_id=60"},"modified":"2016-09-10T04:35:11","modified_gmt":"2016-09-10T06:35:11","slug":"kontaktai","status":"publish","type":"page","link":"http:\/\/puikuskemperiai.lt\/ru\/kontaktai\/","title":{"rendered":"\u041a\u041e\u041d\u0422\u0410\u041a\u0422\u041d\u0410\u042f \u0418\u041d\u0424\u041e\u0420\u041c\u0410\u0426\u0418\u042f"},"content":{"rendered":"<p>[vc_row][vc_column width=&#8221;1\/3&#8243;][vc_column_text]<strong>UAB \u201eKertu\u0161as\u201d<\/strong><br \/>\n\u012emon\u0117s kodas 121253292<\/p>\n<p>PVM mok\u0117tojo kodas LT212532917<br \/>\nKirtim\u0173 g.\u00a0<span lang=\"EN-US\">2,\u00a0<\/span>LT-02300 Vilnius<\/p>\n<p>Tel:\u00a0<strong>+370 655 38880<\/strong><br \/>\nEl. pa\u0161tas:\u00a0<strong>\u00a0info@puikuskemperiai.lt<\/strong>[\/vc_column_text][\/vc_column][vc_column width=&#8221;1\/3&#8243;][vc_column_text]<span style=\"text-decoration: underline;\"><em><strong><span style=\"color: #000000; text-decoration: underline;\">Kemperi\u0173 pardavimas<\/span><\/strong><\/em><\/span><\/p>\n<p>info@puikuskemperiai.lt<\/p>\n<p>Tel.: +370 655 38 880[\/vc_column_text][\/vc_column][vc_column width=&#8221;1\/3&#8243;][vc_column_text]<span style=\"text-decoration: underline;\"><em><strong>Kemperi\u0173 dalys\/aksesuarai<\/strong><\/em><\/span><\/p>\n<p>karolis@puikuskemperiai.lt<\/p>\n<p>Tel.: +370 674 89 600[\/vc_column_text][\/vc_column][\/vc_row]<\/p>\n","protected":false},"excerpt":{"rendered":"<p>[vc_row][vc_column width=&#8221;1\/3&#8243;][vc_column_text]UAB \u201eKertu\u0161as\u201d \u012emon\u0117s kodas 121253292 PVM mok\u0117tojo kodas LT212532917 Kirtim\u0173 g.\u00a02,\u00a0LT-02300 Vilnius Tel:\u00a0+370 655 38880 El. pa\u0161tas:\u00a0\u00a0info@puikuskemperiai.lt[\/vc_column_text][\/vc_column][vc_column width=&#8221;1\/3&#8243;][vc_column_text]Kemperi\u0173 pardavimas info@puikuskemperiai.lt Tel.: +370 655 38 880[\/vc_column_text][\/vc_column][vc_column width=&#8221;1\/3&#8243;][vc_column_text]Kemperi\u0173 dalys\/aksesuarai karolis@puikuskemperiai.lt Tel.: +370 674 89 600[\/vc_column_text][\/vc_column][\/vc_row]<\/p>\n","protected":false},"author":1,"featured_media":0,"parent":0,"menu_order":0,"comment_status":"closed","ping_status":"closed","template":"","meta":{"_mi_skip_tracking":false,"footnotes":""},"acf":[],"yoast_head":"<!-- This site is optimized with the Yoast SEO plugin v19.12 - https:\/\/yoast.com\/wordpress\/plugins\/seo\/ -->\n<title>\u041a\u041e\u041d\u0422\u0410\u041a\u0422\u041d\u0410\u042f \u0418\u041d\u0424\u041e\u0420\u041c\u0410\u0426\u0418\u042f - \u0410\u0440\u0435\u043d\u0434\u0430 \u043a\u0435\u043c\u043f\u0435\u0440\u043e\u0432 - puikuskemperiai.lt<\/title>\n<meta name=\"robots\" content=\"index, follow, max-snippet:-1, max-image-preview:large, max-video-preview:-1\" \/>\n<link rel=\"canonical\" href=\"https:\/\/puikuskemperiai.lt\/ru\/kontaktai\/\" \/>\n<meta property=\"og:locale\" content=\"lt_LT\" \/>\n<meta property=\"og:type\" content=\"article\" \/>\n<meta property=\"og:title\" content=\"\u041a\u041e\u041d\u0422\u0410\u041a\u0422\u041d\u0410\u042f \u0418\u041d\u0424\u041e\u0420\u041c\u0410\u0426\u0418\u042f - \u0410\u0440\u0435\u043d\u0434\u0430 \u043a\u0435\u043c\u043f\u0435\u0440\u043e\u0432 - puikuskemperiai.lt\" \/>\n<meta property=\"og:description\" content=\"[vc_row][vc_column width=&#8221;1\/3&#8243;][vc_column_text]UAB \u201eKertu\u0161as\u201d \u012emon\u0117s kodas 121253292 PVM mok\u0117tojo kodas LT212532917 Kirtim\u0173 g.\u00a02,\u00a0LT-02300 Vilnius Tel:\u00a0+370 655 38880 El. pa\u0161tas:\u00a0\u00a0info@puikuskemperiai.lt[\/vc_column_text][\/vc_column][vc_column width=&#8221;1\/3&#8243;][vc_column_text]Kemperi\u0173 pardavimas info@puikuskemperiai.lt Tel.: +370 655 38 880[\/vc_column_text][\/vc_column][vc_column width=&#8221;1\/3&#8243;][vc_column_text]Kemperi\u0173 dalys\/aksesuarai karolis@puikuskemperiai.lt Tel.: +370 674 89 600[\/vc_column_text][\/vc_column][\/vc_row]\" \/>\n<meta property=\"og:url\" content=\"https:\/\/puikuskemperiai.lt\/ru\/kontaktai\/\" \/>\n<meta property=\"og:site_name\" content=\"\u0410\u0440\u0435\u043d\u0434\u0430 \u043a\u0435\u043c\u043f\u0435\u0440\u043e\u0432 - puikuskemperiai.lt\" \/>\n<meta property=\"article:modified_time\" content=\"2016-09-10T06:35:11+00:00\" \/>\n<meta name=\"twitter:card\" content=\"summary_large_image\" \/>\n<script type=\"application\/ld+json\" class=\"yoast-schema-graph\">{\"@context\":\"https:\/\/schema.org\",\"@graph\":[{\"@type\":\"WebPage\",\"@id\":\"https:\/\/puikuskemperiai.lt\/ru\/kontaktai\/\",\"url\":\"https:\/\/puikuskemperiai.lt\/ru\/kontaktai\/\",\"name\":\"\u041a\u041e\u041d\u0422\u0410\u041a\u0422\u041d\u0410\u042f \u0418\u041d\u0424\u041e\u0420\u041c\u0410\u0426\u0418\u042f - \u0410\u0440\u0435\u043d\u0434\u0430 \u043a\u0435\u043c\u043f\u0435\u0440\u043e\u0432 - puikuskemperiai.lt\",\"isPartOf\":{\"@id\":\"https:\/\/puikuskemperiai.lt\/ru\/#website\"},\"datePublished\":\"2016-03-08T05:58:42+00:00\",\"dateModified\":\"2016-09-10T06:35:11+00:00\",\"breadcrumb\":{\"@id\":\"https:\/\/puikuskemperiai.lt\/ru\/kontaktai\/#breadcrumb\"},\"inLanguage\":\"lt-LT\",\"potentialAction\":[{\"@type\":\"ReadAction\",\"target\":[\"https:\/\/puikuskemperiai.lt\/ru\/kontaktai\/\"]}]},{\"@type\":\"BreadcrumbList\",\"@id\":\"https:\/\/puikuskemperiai.lt\/ru\/kontaktai\/#breadcrumb\",\"itemListElement\":[{\"@type\":\"ListItem\",\"position\":1,\"name\":\"Home\",\"item\":\"https:\/\/puikuskemperiai.lt\/ru\/\"},{\"@type\":\"ListItem\",\"position\":2,\"name\":\"\u041a\u041e\u041d\u0422\u0410\u041a\u0422\u041d\u0410\u042f \u0418\u041d\u0424\u041e\u0420\u041c\u0410\u0426\u0418\u042f\"}]},{\"@type\":\"WebSite\",\"@id\":\"https:\/\/puikuskemperiai.lt\/ru\/#website\",\"url\":\"https:\/\/puikuskemperiai.lt\/ru\/\",\"name\":\"\u0410\u0440\u0435\u043d\u0434\u0430 \u043a\u0435\u043c\u043f\u0435\u0440\u043e\u0432 - puikuskemperiai.lt\",\"description\":\"Campers for rent\",\"potentialAction\":[{\"@type\":\"SearchAction\",\"target\":{\"@type\":\"EntryPoint\",\"urlTemplate\":\"https:\/\/puikuskemperiai.lt\/ru\/?s={search_term_string}\"},\"query-input\":\"required name=search_term_string\"}],\"inLanguage\":\"lt-LT\"}]}<\/script>\n<!-- \/ Yoast SEO plugin. -->","yoast_head_json":{"title":"\u041a\u041e\u041d\u0422\u0410\u041a\u0422\u041d\u0410\u042f \u0418\u041d\u0424\u041e\u0420\u041c\u0410\u0426\u0418\u042f - \u0410\u0440\u0435\u043d\u0434\u0430 \u043a\u0435\u043c\u043f\u0435\u0440\u043e\u0432 - puikuskemperiai.lt","robots":{"index":"index","follow":"follow","max-snippet":"max-snippet:-1","max-image-preview":"max-image-preview:large","max-video-preview":"max-video-preview:-1"},"canonical":"https:\/\/puikuskemperiai.lt\/ru\/kontaktai\/","og_locale":"lt_LT","og_type":"article","og_title":"\u041a\u041e\u041d\u0422\u0410\u041a\u0422\u041d\u0410\u042f \u0418\u041d\u0424\u041e\u0420\u041c\u0410\u0426\u0418\u042f - \u0410\u0440\u0435\u043d\u0434\u0430 \u043a\u0435\u043c\u043f\u0435\u0440\u043e\u0432 - puikuskemperiai.lt","og_description":"[vc_row][vc_column width=&#8221;1\/3&#8243;][vc_column_text]UAB \u201eKertu\u0161as\u201d \u012emon\u0117s kodas 121253292 PVM mok\u0117tojo kodas LT212532917 Kirtim\u0173 g.\u00a02,\u00a0LT-02300 Vilnius Tel:\u00a0+370 655 38880 El. pa\u0161tas:\u00a0\u00a0info@puikuskemperiai.lt[\/vc_column_text][\/vc_column][vc_column width=&#8221;1\/3&#8243;][vc_column_text]Kemperi\u0173 pardavimas info@puikuskemperiai.lt Tel.: +370 655 38 880[\/vc_column_text][\/vc_column][vc_column width=&#8221;1\/3&#8243;][vc_column_text]Kemperi\u0173 dalys\/aksesuarai karolis@puikuskemperiai.lt Tel.: +370 674 89 600[\/vc_column_text][\/vc_column][\/vc_row]","og_url":"https:\/\/puikuskemperiai.lt\/ru\/kontaktai\/","og_site_name":"\u0410\u0440\u0435\u043d\u0434\u0430 \u043a\u0435\u043c\u043f\u0435\u0440\u043e\u0432 - puikuskemperiai.lt","article_modified_time":"2016-09-10T06:35:11+00:00","twitter_card":"summary_large_image","schema":{"@context":"https:\/\/schema.org","@graph":[{"@type":"WebPage","@id":"https:\/\/puikuskemperiai.lt\/ru\/kontaktai\/","url":"https:\/\/puikuskemperiai.lt\/ru\/kontaktai\/","name":"\u041a\u041e\u041d\u0422\u0410\u041a\u0422\u041d\u0410\u042f \u0418\u041d\u0424\u041e\u0420\u041c\u0410\u0426\u0418\u042f - \u0410\u0440\u0435\u043d\u0434\u0430 \u043a\u0435\u043c\u043f\u0435\u0440\u043e\u0432 - puikuskemperiai.lt","isPartOf":{"@id":"https:\/\/puikuskemperiai.lt\/ru\/#website"},"datePublished":"2016-03-08T05:58:42+00:00","dateModified":"2016-09-10T06:35:11+00:00","breadcrumb":{"@id":"https:\/\/puikuskemperiai.lt\/ru\/kontaktai\/#breadcrumb"},"inLanguage":"lt-LT","potentialAction":[{"@type":"ReadAction","target":["https:\/\/puikuskemperiai.lt\/ru\/kontaktai\/"]}]},{"@type":"BreadcrumbList","@id":"https:\/\/puikuskemperiai.lt\/ru\/kontaktai\/#breadcrumb","itemListElement":[{"@type":"ListItem","position":1,"name":"Home","item":"https:\/\/puikuskemperiai.lt\/ru\/"},{"@type":"ListItem","position":2,"name":"\u041a\u041e\u041d\u0422\u0410\u041a\u0422\u041d\u0410\u042f \u0418\u041d\u0424\u041e\u0420\u041c\u0410\u0426\u0418\u042f"}]},{"@type":"WebSite","@id":"https:\/\/puikuskemperiai.lt\/ru\/#website","url":"https:\/\/puikuskemperiai.lt\/ru\/","name":"\u0410\u0440\u0435\u043d\u0434\u0430 \u043a\u0435\u043c\u043f\u0435\u0440\u043e\u0432 - puikuskemperiai.lt","description":"Campers for rent","potentialAction":[{"@type":"SearchAction","target":{"@type":"EntryPoint","urlTemplate":"https:\/\/puikuskemperiai.lt\/ru\/?s={search_term_string}"},"query-input":"required name=search_term_string"}],"inLanguage":"lt-LT"}]}},"_links":{"self":[{"href":"http:\/\/puikuskemperiai.lt\/ru\/wp-json\/wp\/v2\/pages\/60"}],"collection":[{"href":"http:\/\/puikuskemperiai.lt\/ru\/wp-json\/wp\/v2\/pages"}],"about":[{"href":"http:\/\/puikuskemperiai.lt\/ru\/wp-json\/wp\/v2\/types\/page"}],"author":[{"embeddable":true,"href":"http:\/\/puikuskemperiai.lt\/ru\/wp-json\/wp\/v2\/users\/1"}],"replies":[{"embeddable":true,"href":"http:\/\/puikuskemperiai.lt\/ru\/wp-json\/wp\/v2\/comments?post=60"}],"version-history":[{"count":8,"href":"http:\/\/puikuskemperiai.lt\/ru\/wp-json\/wp\/v2\/pages\/60\/revisions"}],"predecessor-version":[{"id":622,"href":"http:\/\/puikuskemperiai.lt\/ru\/wp-json\/wp\/v2\/pages\/60\/revisions\/622"}],"wp:attachment":[{"href":"http:\/\/puikuskemperiai.lt\/ru\/wp-json\/wp\/v2\/media?parent=60"}],"curies":[{"name":"wp","href":"https:\/\/api.w.org\/{rel}","templated":true}]}}